{"id":17,"date":"2025-08-11T18:26:20","date_gmt":"2025-08-11T16:26:20","guid":{"rendered":"http:\/\/rutilust.servebeer.com\/?page_id=17"},"modified":"2025-10-05T14:02:05","modified_gmt":"2025-10-05T12:02:05","slug":"willkommen","status":"publish","type":"page","link":"https:\/\/www.rutilust.de\/","title":{"rendered":"Willkommen"},"content":{"rendered":"\n<p><strong>Was ist der RuTiLuSt?<\/strong><\/p>\n\n\n\n<p>Der RuTiLuSt ist der Dachverband der leipziger Studentenclubs und vereint dabei Bars und Discos. Dabei ist unser Ziel, eine gute Kommunikation zwischen den Clubs zu erm\u00f6glichen, Kontakte zu schaffen und gemeinsame Veranstaltungen zu planen. Die Vereine verstehen sich auch als Freunde der anderen Clubs und sie versuchen daher auch, sich gegenseitig so zu unterst\u00fctzen, wie es die M\u00f6glichkeiten gibt.<\/p>\n\n\n\n<p><br>Es gibt insgesamt 8 Studentenclubs, die der RuTiLuSt als Mitglieder hat:<\/p>\n\n\n\n<p><br>das C4 in L\u00f6\u00dfnig,<br>die Destille an der Fakult\u00e4t der Chemie,<br>das Eichamt E14 an der HTWK,<br>die Moritzbastei e.V. am Ro\u00dfplatz,<br>die Oase in Gr\u00fcnau,<br>die Schwemme an der Deutschen Nationalbibliothek,<br>den Studentenkeller (StuK) am bayerischen Bahnhof,<br>den TV-Club zwischen Chausseehaus und Wilhelminenstra\u00dfe<\/p>\n\n\n\n<p><br>Genaueres \u00fcber die einzelnen Clubs kannst du hier und auf deren Instagram-Seiten herausfinden. Besuche sie doch gern, wenn du mal Zeit hast.<br><\/p>\n\n\n\n<p><strong>Was sind Studentenclubs?<\/strong><\/p>\n\n\n\n<p>Studentenclubs sind generell ehrenamtliche Vereine, in denen sich Studierende neben ihrem Studium f\u00fcr Studierende engagieren. Dabei gibt es zwei grundlegende Arten von Clubs. Wir haben Bars, wie z.B. das C4 im leipziger S\u00fcden, das E14 an der HTWK, die Destille in Zentrumsn\u00e4he oder die Oase im Westen, aber auch Discos wie den StuK oder den TV-Club.<br>Wir versuchen dabei, Pl\u00e4tze zu schaffen, in denen man Freunde treffen oder einen Ausgleich zum Studie-Stress finden kann.<br>Auf Grund der ehrenamtlichen Mitarbeit unserer Mitglieder k\u00f6nnen wir mit unschlagbaren Preisen gl\u00e4nzen, sind aber alle auf motivierte neue Menschen angewiesen.<\/p>\n\n\n\n<p>Schau mal beim Studentenclub in deiner N\u00e4he vorbei und wer wei\u00df\u2026vielleicht sieht man sich dann regelm\u00e4\u00dfig<\/p>\n\n\n\n<figure class=\"wp-block-image size-full is-resized\"><img loading=\"lazy\" decoding=\"async\" width=\"4000\" height=\"2252\" src=\"http:\/\/www.rutilust.de\/wp-content\/uploads\/2025\/10\/20241019_113948.jpg\" alt=\"Gruppenbild der Studentenclubs vor der Moritzbastei\" class=\"wp-image-75\" style=\"width:716px;height:auto\"\/><\/figure>\n","protected":false},"excerpt":{"rendered":"<p>Was ist der RuTiLuSt? Der RuTiLuSt ist der Dachverband der leipziger Studentenclubs und vereint dabei Bars und Discos. Dabei ist unser Ziel, eine gute Kommunikation zwischen den Clubs zu erm\u00f6glichen, Kontakte zu schaffen und&#46;&#46;&#46;<\/p>\n","protected":false},"author":1,"featured_media":0,"parent":0,"menu_order":0,"comment_status":"closed","ping_status":"closed","template":"","meta":{"footnotes":""},"class_list":["post-17","page","type-page","status-publish","hentry"],"_links":{"self":[{"href":"https:\/\/www.rutilust.de\/index.php\/wp-json\/wp\/v2\/pages\/17","targetHints":{"allow":["GET"]}}],"collection":[{"href":"https:\/\/www.rutilust.de\/index.php\/wp-json\/wp\/v2\/pages"}],"about":[{"href":"https:\/\/www.rutilust.de\/index.php\/wp-json\/wp\/v2\/types\/page"}],"author":[{"embeddable":true,"href":"https:\/\/www.rutilust.de\/index.php\/wp-json\/wp\/v2\/users\/1"}],"replies":[{"embeddable":true,"href":"https:\/\/www.rutilust.de\/index.php\/wp-json\/wp\/v2\/comments?post=17"}],"version-history":[{"count":3,"href":"https:\/\/www.rutilust.de\/index.php\/wp-json\/wp\/v2\/pages\/17\/revisions"}],"predecessor-version":[{"id":88,"href":"https:\/\/www.rutilust.de\/index.php\/wp-json\/wp\/v2\/pages\/17\/revisions\/88"}],"wp:attachment":[{"href":"https:\/\/www.rutilust.de\/index.php\/wp-json\/wp\/v2\/media?parent=17"}],"curies":[{"name":"wp","href":"https:\/\/api.w.org\/{rel}","templated":true}]}}