{"id":30,"date":"2025-08-11T20:00:12","date_gmt":"2025-08-11T18:00:12","guid":{"rendered":"http:\/\/rutilust.servebeer.com\/?page_id=30"},"modified":"2025-08-11T20:00:12","modified_gmt":"2025-08-11T18:00:12","slug":"moritzbastei","status":"publish","type":"page","link":"https:\/\/www.rutilust.de\/index.php\/moritzbastei\/","title":{"rendered":"Moritzbastei"},"content":{"rendered":"\n<p>Der Moritzbastei e. V. ist ein Kulturverein, der aus dem Klubaktiv des Jugend- und Studentenzentrums Moritzbastei hervorgegangen ist. Er versteht sich satzungsgem\u00e4\u00df als Plattform f\u00fcr kunst- und kulturinteressierte Menschen und verfolgt ausschlie\u00dflich und unmittelbar gemeinn\u00fctzige Ziele.<\/p>\n\n\n\n<p>Gegenw\u00e4rtig wird unsere Vereinsarbeit von ca. 40 ehrenamtlichen Mitgliedern geleistet. Die Leitung des Vereines obliegt dem Vereinsvorstand.<\/p>\n\n\n\n<p>Im Mittelpunkt stehen dabei unsere regelm\u00e4\u00dfigen Veranstaltungen, wie die j\u00e4hrliche Fahrradrallye, die sonnt\u00e4glichen Kinderfeste verschiedener Thematiken, das monatliche MoritzKino sowie Lesungen und anderes mehr.<\/p>\n\n\n\n<p>Grundlage zur Durchf\u00fchrung solcher Veranstaltungen sind das freiwillige und unentgeltliche Engagement und die Kreativit\u00e4t unserer Mitglieder und Freunde sowie das Nutzungsrecht der R\u00e4ume der Moritzbastei.<\/p>\n\n\n\n<p>Weiterhin geben wir Interessierten, die Lust auf \u201eKulturarbeit\u201c haben, M\u00f6glichkeiten eigene Projekte und Veranstaltungen umzusetzen oder mitzugestalten.<\/p>\n\n\n\n<p>Insgesamt f\u00fchren wir 50 bis 70 Veranstaltungen j\u00e4hrlich durch. Diese sind, wo immer m\u00f6glich (ca. 90%), f\u00fcr die Teilnehmer kostenlos.<\/p>\n\n\n\n<p>Kontakt- und sonstige Informationen zu den aktuellen Terminen und Veranstaltungen findet man unter <a href=\"http:\/\/www.moritzbastei-ev.de\">www.moritzbastei-ev.de<\/a>.<\/p>\n","protected":false},"excerpt":{"rendered":"<p>Der Moritzbastei e. V. ist ein Kulturverein, der aus dem Klubaktiv des Jugend- und Studentenzentrums Moritzbastei hervorgegangen ist. Er versteht sich satzungsgem\u00e4\u00df als Plattform f\u00fcr kunst- und kulturinteressierte Menschen und verfolgt ausschlie\u00dflich und unmittelbar&#46;&#46;&#46;<\/p>\n","protected":false},"author":1,"featured_media":0,"parent":0,"menu_order":0,"comment_status":"closed","ping_status":"closed","template":"","meta":{"footnotes":""},"class_list":["post-30","page","type-page","status-publish","hentry"],"_links":{"self":[{"href":"https:\/\/www.rutilust.de\/index.php\/wp-json\/wp\/v2\/pages\/30","targetHints":{"allow":["GET"]}}],"collection":[{"href":"https:\/\/www.rutilust.de\/index.php\/wp-json\/wp\/v2\/pages"}],"about":[{"href":"https:\/\/www.rutilust.de\/index.php\/wp-json\/wp\/v2\/types\/page"}],"author":[{"embeddable":true,"href":"https:\/\/www.rutilust.de\/index.php\/wp-json\/wp\/v2\/users\/1"}],"replies":[{"embeddable":true,"href":"https:\/\/www.rutilust.de\/index.php\/wp-json\/wp\/v2\/comments?post=30"}],"version-history":[{"count":0,"href":"https:\/\/www.rutilust.de\/index.php\/wp-json\/wp\/v2\/pages\/30\/revisions"}],"wp:attachment":[{"href":"https:\/\/www.rutilust.de\/index.php\/wp-json\/wp\/v2\/media?parent=30"}],"curies":[{"name":"wp","href":"https:\/\/api.w.org\/{rel}","templated":true}]}}