{"id":32,"date":"2025-08-11T20:02:06","date_gmt":"2025-08-11T18:02:06","guid":{"rendered":"http:\/\/rutilust.servebeer.com\/?page_id=32"},"modified":"2025-08-11T20:02:06","modified_gmt":"2025-08-11T18:02:06","slug":"destille","status":"publish","type":"page","link":"https:\/\/www.rutilust.de\/index.php\/destille\/","title":{"rendered":"Destille"},"content":{"rendered":"\n<p>Club der Chemie \u2013 Destille e.V.<\/p>\n\n\n\n<p>Bereits 1976 wurde die Destille in Leipzig von einer Gruppe Mineralogen gegr\u00fcndet. Seit dem Jahr 2000 befindet sie sich im Keller des Wohnheims neben der Chemiefakult\u00e4t. Hier kann man sich mit Freunden treffen, das verdiente Feierabendbier genie\u00dfen und hin und wieder auch das alte Lied vom Steiger h\u00f6ren. Entgegen des Namens finden sich bei uns aber nicht nur Chemiker ein.<\/p>\n\n\n\n<p>Neben unseren normalen Aussch\u00e4nken jeden Dienstag und Mittwoch veranstalten wir auch diverse Gro\u00dfveranstaltungen wie den Semesterauftakt, den Caipi-Abend, das Wohnheimfest oder auch das Juniwiesenfest.<\/p>\n\n\n\n<p>Alle Interessierten sind herzlich eingeladen an unseren Sitzungen jeden Dienstag um 19 Uhr teilzunehmen.<\/p>\n\n\n\n<hr class=\"wp-block-separator has-alpha-channel-opacity\"\/>\n\n\n\n<div class=\"wp-block-group is-layout-grid wp-container-core-group-is-layout-baef362d wp-block-group-is-layout-grid\">\n<p class=\"wp-container-content-5e2576f9\">Adresse<\/p>\n\n\n\n<p>bla<\/p>\n\n\n\n<p>\u00d6ffnungszeiten<\/p>\n\n\n\n<p class=\"wp-container-content-5e2576f9\">Dienstag &amp; Mittwoch ab 20 Uhr Barabend (Vorlesungsfreie Zeit: Mittwoch ab 20 Uhr)<\/p>\n<\/div>\n\n\n\n<hr class=\"wp-block-separator has-alpha-channel-opacity\"\/>\n\n\n\n<h4 class=\"wp-block-heading\">Anfahrt<\/h4>\n\n\n\n<ul class=\"wp-block-list\">\n<li>Linie 2 und 16 Haltestelle Johannisallee<\/li>\n\n\n\n<li>Bus 60 Haltestelle Johannisallee<\/li>\n<\/ul>\n","protected":false},"excerpt":{"rendered":"<p>Club der Chemie \u2013 Destille e.V. Bereits 1976 wurde die Destille in Leipzig von einer Gruppe Mineralogen gegr\u00fcndet. Seit dem Jahr 2000 befindet sie sich im Keller des Wohnheims neben der Chemiefakult\u00e4t. Hier kann&#46;&#46;&#46;<\/p>\n","protected":false},"author":1,"featured_media":0,"parent":0,"menu_order":0,"comment_status":"closed","ping_status":"closed","template":"","meta":{"footnotes":""},"class_list":["post-32","page","type-page","status-publish","hentry"],"_links":{"self":[{"href":"https:\/\/www.rutilust.de\/index.php\/wp-json\/wp\/v2\/pages\/32","targetHints":{"allow":["GET"]}}],"collection":[{"href":"https:\/\/www.rutilust.de\/index.php\/wp-json\/wp\/v2\/pages"}],"about":[{"href":"https:\/\/www.rutilust.de\/index.php\/wp-json\/wp\/v2\/types\/page"}],"author":[{"embeddable":true,"href":"https:\/\/www.rutilust.de\/index.php\/wp-json\/wp\/v2\/users\/1"}],"replies":[{"embeddable":true,"href":"https:\/\/www.rutilust.de\/index.php\/wp-json\/wp\/v2\/comments?post=32"}],"version-history":[{"count":0,"href":"https:\/\/www.rutilust.de\/index.php\/wp-json\/wp\/v2\/pages\/32\/revisions"}],"wp:attachment":[{"href":"https:\/\/www.rutilust.de\/index.php\/wp-json\/wp\/v2\/media?parent=32"}],"curies":[{"name":"wp","href":"https:\/\/api.w.org\/{rel}","templated":true}]}}