{"id":34,"date":"2025-08-11T20:02:33","date_gmt":"2025-08-11T18:02:33","guid":{"rendered":"http:\/\/rutilust.servebeer.com\/?page_id=34"},"modified":"2025-08-11T20:02:33","modified_gmt":"2025-08-11T18:02:33","slug":"schwemme","status":"publish","type":"page","link":"https:\/\/www.rutilust.de\/index.php\/schwemme\/","title":{"rendered":"Schwemme"},"content":{"rendered":"\n<p>Wir sind ein ehrenamtlich arbeitender Verein, der sich aus circa 20 studentennahen Mitgliedern zusammensetzt. Wir nennen uns zwar auf Grund unseres selbstauferlegten Aufgabenfeldes Studentenclub, allerdings dr\u00fccken wir bei unseren Mitgliedern da \u00f6fter mal ein Auge zu. (:<br>Genauso verh\u00e4lt es sich bei unseren G\u00e4sten, bei uns ist wirklich JEDER herzlich willkommen.<br>Also nur keine Scheu, unsere T\u00fcr steht jedem offen, frei nach dem Motto \u201cIrgendwann kommt jeder\u201d.<\/p>\n\n\n\n<p>Zu den selbstauferlegten Aufgaben z\u00e4hlen:<\/p>\n\n\n\n<ul class=\"wp-block-list\">\n<li>die Zusammenarbeit mit den Wohnheimssprechern und Tutoren der Stra\u00dfe des 18. Oktobers, mit denen wir die ein oder andere unvergessliche Party organisieren<\/li>\n\n\n\n<li>unsere g\u00fcnstigen Preise zu halten<\/li>\n\n\n\n<li>euch diverse Brett- und Gesellschaftsspiele (siehe Liste) zur Verf\u00fcgung zu stellen<\/li>\n\n\n\n<li>f\u00fcr sportliche Aktivit\u00e4t bieten wir euch einen unentgeltlichen Profi Kicker<\/li>\n<\/ul>\n\n\n\n<p>Unser gr\u00f6\u00dftes Anliegen ist es, eine gem\u00fctliche Wohnzimmeratmosph\u00e4re zu schaffen, in der jeder seinen wohlverdienten Freierabend nach Belieben erholsam gestalten kann. Wir freuen uns dabei immer, wenn aus der ein oder anderen lustigen Runde eine kleine Party entsteht \u2013 sowohl vor als auch hinter dem Tresen. Wir stellen den Raum und die Getr\u00e4nke und ansonsten gilt das Motto: Schwemme ist das, was ihr draus macht.<\/p>\n\n\n\n<figure class=\"wp-block-table\"><table class=\"has-fixed-layout\"><tbody><tr><td>Adresse<\/td><td><a href=\"https:\/\/www.google.de\/maps\/place\/Studentenclub+Schwemme\/@51.3249154,12.3870074,15.88z\/data=!4m5!3m4!1s0x47a6f84af33511ef:0x154600a4a89554db!8m2!3d51.3243081!4d12.3919877\">Studentenwohnheim Stra\u00dfe des 18. Oktober 33 \/ Keller<\/a><\/td><\/tr><tr><td>\u00d6ffnungszeiten<\/td><td>W\u00e4hrend des Semesters: Sonntag und Freitag 20-1 Uhr<br>In der vorlesungsfreien Zeit: Sonntags 20-1 Uhr<\/td><\/tr><\/tbody><\/table><\/figure>\n","protected":false},"excerpt":{"rendered":"<p>Wir sind ein ehrenamtlich arbeitender Verein, der sich aus circa 20 studentennahen Mitgliedern zusammensetzt. Wir nennen uns zwar auf Grund unseres selbstauferlegten Aufgabenfeldes Studentenclub, allerdings dr\u00fccken wir bei unseren Mitgliedern da \u00f6fter mal ein&#46;&#46;&#46;<\/p>\n","protected":false},"author":1,"featured_media":0,"parent":0,"menu_order":0,"comment_status":"closed","ping_status":"closed","template":"","meta":{"footnotes":""},"class_list":["post-34","page","type-page","status-publish","hentry"],"_links":{"self":[{"href":"https:\/\/www.rutilust.de\/index.php\/wp-json\/wp\/v2\/pages\/34","targetHints":{"allow":["GET"]}}],"collection":[{"href":"https:\/\/www.rutilust.de\/index.php\/wp-json\/wp\/v2\/pages"}],"about":[{"href":"https:\/\/www.rutilust.de\/index.php\/wp-json\/wp\/v2\/types\/page"}],"author":[{"embeddable":true,"href":"https:\/\/www.rutilust.de\/index.php\/wp-json\/wp\/v2\/users\/1"}],"replies":[{"embeddable":true,"href":"https:\/\/www.rutilust.de\/index.php\/wp-json\/wp\/v2\/comments?post=34"}],"version-history":[{"count":0,"href":"https:\/\/www.rutilust.de\/index.php\/wp-json\/wp\/v2\/pages\/34\/revisions"}],"wp:attachment":[{"href":"https:\/\/www.rutilust.de\/index.php\/wp-json\/wp\/v2\/media?parent=34"}],"curies":[{"name":"wp","href":"https:\/\/api.w.org\/{rel}","templated":true}]}}