{"id":36,"date":"2025-08-11T20:03:05","date_gmt":"2025-08-11T18:03:05","guid":{"rendered":"http:\/\/rutilust.servebeer.com\/?page_id=36"},"modified":"2025-08-11T20:03:05","modified_gmt":"2025-08-11T18:03:05","slug":"tv-club","status":"publish","type":"page","link":"https:\/\/www.rutilust.de\/index.php\/tv-club\/","title":{"rendered":"TV-Club"},"content":{"rendered":"\n<p>Wer sich fragt, was das jetzt mit Fernsehen zu tun hat, dem sei gesagt, dass er oder sie hier keine Kameras oder Flatscreens finden wird, denn das TV steht f\u00fcr die Tierproduzenten und Veterin\u00e4rmediziner aus deren Fakult\u00e4ten sich dieser Club einst zusammensetzte. Doch genug mit der Lehrstunde, das ist alles Geschichte\u2026 Das, was der TV (oder um ganz genau zu sein: die \u201eGesellschaft zur Wahrung und F\u00f6rderung studentischer Traditionen zu Leipzig e.V.\u201c) am besten kann, ist Partys schmei\u00dfen und das schon sehr erfolgreich seit mittlerweile \u00fcber 40 Jahren (genau genommen feierten wir 2015 unseren 45. Geburtstag).<\/p>\n\n\n\n<p>Jeden Donnerstag \u00f6ffnen wir unsere Pforten und versorgen Euch mit allem was man zum Feiern braucht: wechselnde DJs, die Euch auf zwei Floors mit Pop, Charts, Rock und Oldies so richtig einheizen. Nicht zu vergessen unsere Sonderveranstaltungen, bei denen es immer mal wieder etwas Neues auf die Ohren (und in die Beine) gibt.<\/p>\n\n\n\n<figure class=\"wp-block-table\"><table class=\"has-fixed-layout\"><tbody><tr><td>Adresse<\/td><td><a href=\"https:\/\/www.google.de\/maps\/place\/%22TV-Club+Leipzig%22+-+Der+Studentenclub+der+Tierproduzenten+und+Veterin%C3%A4rmediziner\/@51.3570237,12.3729517,14.43z\/data=!4m5!3m4!1s0x47a6f8024b8d767d:0x46a9c2df0086af0c!8m2!3d51.35894!4d12.37972\">Theresienstra\u00dfe 2 \/ Bahngel\u00e4nde<\/a><\/td><\/tr><tr><td>\u00d6ffnungszeiten<\/td><td>Donnerstags ab 21:00 Uhr (Winter), ab 20:00 Uhr (Sommer)<\/td><\/tr><\/tbody><\/table><\/figure>\n","protected":false},"excerpt":{"rendered":"<p>Wer sich fragt, was das jetzt mit Fernsehen zu tun hat, dem sei gesagt, dass er oder sie hier keine Kameras oder Flatscreens finden wird, denn das TV steht f\u00fcr die Tierproduzenten und Veterin\u00e4rmediziner&#46;&#46;&#46;<\/p>\n","protected":false},"author":1,"featured_media":0,"parent":0,"menu_order":0,"comment_status":"closed","ping_status":"closed","template":"","meta":{"footnotes":""},"class_list":["post-36","page","type-page","status-publish","hentry"],"_links":{"self":[{"href":"https:\/\/www.rutilust.de\/index.php\/wp-json\/wp\/v2\/pages\/36","targetHints":{"allow":["GET"]}}],"collection":[{"href":"https:\/\/www.rutilust.de\/index.php\/wp-json\/wp\/v2\/pages"}],"about":[{"href":"https:\/\/www.rutilust.de\/index.php\/wp-json\/wp\/v2\/types\/page"}],"author":[{"embeddable":true,"href":"https:\/\/www.rutilust.de\/index.php\/wp-json\/wp\/v2\/users\/1"}],"replies":[{"embeddable":true,"href":"https:\/\/www.rutilust.de\/index.php\/wp-json\/wp\/v2\/comments?post=36"}],"version-history":[{"count":0,"href":"https:\/\/www.rutilust.de\/index.php\/wp-json\/wp\/v2\/pages\/36\/revisions"}],"wp:attachment":[{"href":"https:\/\/www.rutilust.de\/index.php\/wp-json\/wp\/v2\/media?parent=36"}],"curies":[{"name":"wp","href":"https:\/\/api.w.org\/{rel}","templated":true}]}}