{"id":40,"date":"2025-08-11T20:04:12","date_gmt":"2025-08-11T18:04:12","guid":{"rendered":"http:\/\/rutilust.servebeer.com\/?page_id=40"},"modified":"2025-08-11T20:04:12","modified_gmt":"2025-08-11T18:04:12","slug":"c4","status":"publish","type":"page","link":"https:\/\/www.rutilust.de\/index.php\/c4\/","title":{"rendered":"C4"},"content":{"rendered":"\n<p>Das C4 ist DEIN Studentenclub im Leipziger S\u00fcden! Fast so weit drau\u00dfen wie Gr\u00fcnau, aber deutlich besser zu erreichen, findest du uns im Keller des Wohnheims J.-R.-Becher Str. 5.<\/p>\n\n\n\n<p>Drei Mal die Woche \u00f6ffnen wir ab 20 Uhr unsere Pforten f\u00fcr euch.<br>Die gem\u00fctlichen Bierabende (die nat\u00fcrlich auch alkoholfrei genossen werden d\u00fcrfen) dienen vor allem der Kommunikation. Als ans\u00e4ssiger Club im \u201eErasmus-Wohnheim\u201c sind wir in der idealen Position ganz unterschiedliche Kulturen zusammen zu bringen. In lockerer Atmosph\u00e4re r\u00fcckt der (Studien-)Alltag eine Zeit lang in den Hintergrund. F\u00fcr die n\u00f6tige Unterhaltung bieten sich unsere Spiele an, die ihr jederzeit nutzen k\u00f6nnt (u.a. ein professioneller Dartautomat und ein Beerpong-Tisch).<\/p>\n\n\n\n<p>Wilder geht es bei unseren Special-Events zu! Regelm\u00e4\u00dfig veranstalten wir Karaoke- und Dance-Nights bei denen ihr gefragt seid. Bei Konzerten &amp; Bandabenden \u00fcberlassen wir das Singen denen, die es wirklich k\u00f6nnen und ihr m\u00fcsst euch nur um die passende Stimmung k\u00fcmmern. Dazu kommt das was uns gerade so einf\u00e4llt (Wohnheimfeste, (Trink-)Spielabende, Semesterauftaktpartys, die ber\u00fchmte 24\/7-Woche, \u2026 die Liste ist lang). Was hier nat\u00fcrlich auch nicht vergessen werden darf: das <a href=\"https:\/\/www.facebook.com\/events\/183698689097782\/\">Bierfassrollen<\/a>, zu dem wir es Ende Mai so richtig krachen lassen.<\/p>\n\n\n\n<p>C4 \u2013 wo dein zweites Zuhause ist!<\/p>\n\n\n\n<figure class=\"wp-block-table\"><table class=\"has-fixed-layout\"><tbody><tr><td>Adresse<\/td><td><a href=\"https:\/\/www.google.de\/maps\/place\/Studentenclub+C4\/@51.3068227,12.3813122,14.75z\/data=!4m5!3m4!1s0x47a6f9a2f44d5d0f:0x8f0bf3c129a63d3d!8m2!3d51.3015012!4d12.3980954\">Studentenwohnhaus Johannes-R.-Becher-Str. 5 \/ Hintereingang \/ Keller<\/a><\/td><\/tr><tr><td>Anreise<\/td><td>Bewohner des Wohnheims m\u00fcssen nur zu uns runterstolpern<br>Alle anderen erreichen uns mit Tram 10 o. 16 bis Moritz Hof<\/td><\/tr><tr><td>\u00d6ffnungszeiten<\/td><td>Montag, Mittwoch &amp; Sonntag ab 20 Uhr Bierabend<br>1\/Monat Karaoke, regelm\u00e4\u00dfig Special-Events zu den \u00d6ffnungszeiten<\/td><\/tr><\/tbody><\/table><\/figure>\n\n\n\n<p>Wer bis hier hin liest ist \u00fcberdurchschnittlich motiviert, und damit genau das was wir suchen! Als ehrenamtlicher Verein sind wir immer auf der Suche nach neuen Mitgliedern, die uns unterst\u00fctzen und dabei ganz viel Spa\u00df haben m\u00f6chten! Sprich uns gerne an \u2013 direkt an der Bar, per facebook-Messenger oder auf einer unserer Sitzungen (immer am ersten Dienstag im Monat ab 20 Uhr) \u2013 wir beantworten gerne alle deine Fragen und geben dir die M\u00f6glichkeit, ganz unverbindlich bei uns rein zu schnuppern<\/p>\n","protected":false},"excerpt":{"rendered":"<p>Das C4 ist DEIN Studentenclub im Leipziger S\u00fcden! Fast so weit drau\u00dfen wie Gr\u00fcnau, aber deutlich besser zu erreichen, findest du uns im Keller des Wohnheims J.-R.-Becher Str. 5. Drei Mal die Woche \u00f6ffnen&#46;&#46;&#46;<\/p>\n","protected":false},"author":1,"featured_media":0,"parent":0,"menu_order":0,"comment_status":"closed","ping_status":"closed","template":"","meta":{"footnotes":""},"class_list":["post-40","page","type-page","status-publish","hentry"],"_links":{"self":[{"href":"https:\/\/www.rutilust.de\/index.php\/wp-json\/wp\/v2\/pages\/40","targetHints":{"allow":["GET"]}}],"collection":[{"href":"https:\/\/www.rutilust.de\/index.php\/wp-json\/wp\/v2\/pages"}],"about":[{"href":"https:\/\/www.rutilust.de\/index.php\/wp-json\/wp\/v2\/types\/page"}],"author":[{"embeddable":true,"href":"https:\/\/www.rutilust.de\/index.php\/wp-json\/wp\/v2\/users\/1"}],"replies":[{"embeddable":true,"href":"https:\/\/www.rutilust.de\/index.php\/wp-json\/wp\/v2\/comments?post=40"}],"version-history":[{"count":0,"href":"https:\/\/www.rutilust.de\/index.php\/wp-json\/wp\/v2\/pages\/40\/revisions"}],"wp:attachment":[{"href":"https:\/\/www.rutilust.de\/index.php\/wp-json\/wp\/v2\/media?parent=40"}],"curies":[{"name":"wp","href":"https:\/\/api.w.org\/{rel}","templated":true}]}}