{"id":44,"date":"2025-08-11T20:05:02","date_gmt":"2025-08-11T18:05:02","guid":{"rendered":"http:\/\/rutilust.servebeer.com\/?page_id=44"},"modified":"2025-10-17T19:09:17","modified_gmt":"2025-10-17T17:09:17","slug":"stuk","status":"publish","type":"page","link":"https:\/\/www.rutilust.de\/index.php\/stuk\/","title":{"rendered":"StuK"},"content":{"rendered":"\n<p>Der StuK, kurz f\u00fcr &#8222;Leipziger Studentenkeller e.V.&#8220;, ist ein Studentenklub im Herzen Leipzigs direkt am Bayerischen Bahnhof!<\/p>\n\n\n\n<p>Seit unserer Gr\u00fcndung im Jahr 1997, pr\u00e4gen wir das st\u00e4dtische Studi- und Nachtleben und bieten euch in unseren gem\u00fctlichen R\u00e4umlichkeiten viele M\u00f6glichkeiten, bei g\u00fcnstigen Getr\u00e4nken sch\u00f6ne Abende bei uns zu verbringen.<\/p>\n\n\n\n<p>Wir sind eure Anlaufstelle wenn es Dienstags ab 21 Uhr darum geht, mit Komillitonen, und Freuden feiern zu gehen und euch den Stress des Semesters auf 2 Floors wegzutanzen.<\/p>\n\n\n\n<p>Freitags ab 20 Uhr \u00f6ffnen wir unsere Bar f\u00fcr euch, wo ihr die Auswahl an diversen Themenabenden wie zum Beispiel Karaoke (jeden letzten Fr. im Monat), den Leipzig eSports e.V.-Stammtisch (jeden ersten Fr. im Monat) oder einem normalen Bier- und Spieleabend habt.<br>Einmal im Monat findet bei uns freitags auch eine Kleinkunstb\u00fchne statt, wo ihr die M\u00f6glichkeit habt, eure k\u00fcnstlerische Seite zu pr\u00e4sentieren! (Zur Belohnung gibt&#8217;s auch ein Freigetr\u00e4nk eurer Wahl)<\/p>\n\n\n\n<p>Zus\u00e4tzlich hosten wir jeden 1. und 3. Donnerstag im Monat das bekannte Quizlabor bei uns im Keller, wo ihr eure K\u00f6pfe zum Rauchen bringen k\u00f6nnt!<\/p>\n\n\n\n<p>Habt gerne unsere Socials im Blick, um immer \u00fcber unseren aktuellen Veranstaltungen oder kurzfristige Infos up-to-date zu sein<\/p>\n\n\n\n<p>Wie unsere Freunde aus den anderen Klubs, suchen auch wir immer motivierte Leute, die Bock haben bei uns Mitglied zu werden um gemeinsam das Club- und Vereinsleben zu gestalten und mit uns viel Spa\u00df zu haben &#8211; sowohl hinter als auch vor der Bar!<\/p>\n\n\n\n<p><a href=\"https:\/\/www.instagram.com\/stuk_leipzig?igsh=MjdsZm5jeHplemNy\" target=\"_blank\" rel=\"noreferrer noopener\">Mehr auf Instagram<\/a><\/p>\n\n\n\n<h2 class=\"wp-block-heading\"><strong>\u00d6ffnungszeiten<\/strong><\/h2>\n\n\n\n<p><strong>Dienstag:<\/strong><\/p>\n\n\n\n<p>Kaffee-\u00d6ffnung ab 14 Uhr und im w\u00f6chentlichen Wechsel Barabend (ab 20 Uhr) oder Party (ab 21 Uhr)<br><\/p>\n\n\n\n<p><strong>1. und 3. Donnerstag des Monats:<\/strong><\/p>\n\n\n\n<p> Quizlabor ab 19 Uhr<br><\/p>\n\n\n\n<p><strong>Freitag: <\/strong><\/p>\n\n\n\n<div class=\"wp-block-group is-vertical is-layout-flex wp-container-core-group-is-layout-8cf370e7 wp-block-group-is-layout-flex\">\n<p>Bier- und Spieleabend oder Themenabend* ab 20 Uhr<\/p>\n\n\n\n<p>(*Karaoke jeden letzten Fr. im Monat; Leipzig eSports Stammtisch jeden ersten Fr. im Monat; 1\/Monat Kleinkunstb\u00fchne)<\/p>\n<\/div>\n","protected":false},"excerpt":{"rendered":"<p>Der StuK, kurz f\u00fcr &#8222;Leipziger Studentenkeller e.V.&#8220;, ist ein Studentenklub im Herzen Leipzigs direkt am Bayerischen Bahnhof! Seit unserer Gr\u00fcndung im Jahr 1997, pr\u00e4gen wir das st\u00e4dtische Studi- und Nachtleben und bieten euch in&#46;&#46;&#46;<\/p>\n","protected":false},"author":1,"featured_media":0,"parent":0,"menu_order":0,"comment_status":"closed","ping_status":"closed","template":"","meta":{"footnotes":""},"class_list":["post-44","page","type-page","status-publish","hentry"],"_links":{"self":[{"href":"https:\/\/www.rutilust.de\/index.php\/wp-json\/wp\/v2\/pages\/44","targetHints":{"allow":["GET"]}}],"collection":[{"href":"https:\/\/www.rutilust.de\/index.php\/wp-json\/wp\/v2\/pages"}],"about":[{"href":"https:\/\/www.rutilust.de\/index.php\/wp-json\/wp\/v2\/types\/page"}],"author":[{"embeddable":true,"href":"https:\/\/www.rutilust.de\/index.php\/wp-json\/wp\/v2\/users\/1"}],"replies":[{"embeddable":true,"href":"https:\/\/www.rutilust.de\/index.php\/wp-json\/wp\/v2\/comments?post=44"}],"version-history":[{"count":1,"href":"https:\/\/www.rutilust.de\/index.php\/wp-json\/wp\/v2\/pages\/44\/revisions"}],"predecessor-version":[{"id":95,"href":"https:\/\/www.rutilust.de\/index.php\/wp-json\/wp\/v2\/pages\/44\/revisions\/95"}],"wp:attachment":[{"href":"https:\/\/www.rutilust.de\/index.php\/wp-json\/wp\/v2\/media?parent=44"}],"curies":[{"name":"wp","href":"https:\/\/api.w.org\/{rel}","templated":true}]}}